{"id":921,"date":"2024-01-25T17:06:58","date_gmt":"2024-01-25T17:06:58","guid":{"rendered":"https:\/\/timeberhard.com\/?page_id=921"},"modified":"2024-01-29T10:50:11","modified_gmt":"2024-01-29T10:50:11","slug":"datenschutzerklaerung","status":"publish","type":"page","link":"https:\/\/timeberhard.com\/index.php\/datenschutzerklaerung\/","title":{"rendered":"Datenschutzerkl\u00e4rung"},"content":{"rendered":"\n<hr class=\"wp-block-separator has-alpha-channel-opacity\"\/>\n\n\n\n<div style=\"height:100px\" aria-hidden=\"true\" class=\"wp-block-spacer\"><\/div>\n\n\n\n<h2 class=\"wp-block-heading\">WER bin ich?<\/h2>\n\n\n\n<p>Die Website <a href=\"https:\/\/timeberhard.com\/\">timeberhard.com<\/a> und deren Inhalte wurden von Tim Eberhard erstellt. Verantwortliche Stelle im Sinne der Datenschutzgesetze, insbesondere der EU-Datenschutzgrundverordnung (DSGVO), ist:<\/p>\n\n\n\n<p>Tim Eberhard<br>Aeschstrasse 2B<br>8127 Forch<\/p>\n\n\n\n<h2 class=\"wp-block-heading\">WELCHE PERS\u00d6NLICHEN DATEN geSAMMELt werden UND WARUM<\/h2>\n\n\n\n<p>Wenn Sie auf diese Website zugreifen, werden automatisch Informationen allgemeiner Natur erfasst. Diese Informationen werden im Server-Logfile gesammelt und beinhalten den Typ des Webbrowsers, das verwendete Betriebssystem, den Domainnamen Ihres Internet Service Providers, Ihre IP-Adresse und \u00e4hnliches.<br>Dies aus folgenden Gr\u00fcnden:<\/p>\n\n\n\n<ul class=\"wp-block-list\">\n<li>Um sicherzustellen, dass die Verbindung zur Website ohne Probleme hergestellt werden kann.<\/li>\n\n\n\n<li>Um die reibungslose Nutzung unserer Website zu gew\u00e4hrleisten.<\/li>\n\n\n\n<li>Um die Systemsicherheit und -stabilit\u00e4t zu bewerten.<\/li>\n\n\n\n<li>F\u00fcr andere administrative Zwecke.<\/li>\n<\/ul>\n\n\n\n<p>Ihre Daten werden nicht dazu verwendet, R\u00fcckschl\u00fcsse auf Ihre Person zu ziehen. Derartige Informationen werden lediglich statistisch ausgewertet, um unsere Website und die dahinter stehende Technik zu optimieren.<\/p>\n\n\n\n<h2 class=\"wp-block-heading\">DAUER DER SPEICHERUNG<\/h2>\n\n\n\n<p>Die Daten werden gel\u00f6scht, sobald sie f\u00fcr den Zweck, f\u00fcr den sie erhoben wurden, nicht mehr erforderlich sind. Dies ist bei den Daten, die zur Bereitstellung der Website verwendet werden, in der Regel der Fall, wenn die jeweilige Sitzung beendet ist.<\/p>\n\n\n\n<h2 class=\"wp-block-heading\">KOMMENTARE<\/h2>\n\n\n\n<p>Wenn Besucher Kommentare auf der Website abgeben, erfassen wir die im Kommentarformular angezeigten Daten sowie die IP-Adresse des Besuchers und den User-Agent-String (der den Browser identifiziert), um Spam zu erkennen.<\/p>\n\n\n\n<h2 class=\"wp-block-heading\">MEDIEN<\/h2>\n\n\n\n<p>Wenn Sie ein registrierter Nutzer sind und Fotos auf diese Website hochladen, sollten Sie es vermeiden, Fotos mit einer EXIF-GPS-Position hochzuladen. Besucher dieser Website k\u00f6nnten Fotos, die auf dieser Website gespeichert sind, herunterladen und deren Standortinformationen auslesen.<\/p>\n\n\n\n<h2 class=\"wp-block-heading\">KONTAKTFORMULARE<\/h2>\n\n\n\n<p>Die von Ihnen eingegebenen Daten werden zum Zweck der individuellen Kommunikation mit Ihnen gespeichert. Zu diesem Zweck ist es erforderlich, eine g\u00fcltige E-Mail-Adresse und Ihren Namen anzugeben. Dies dient der Zuordnung der Anfrage und der anschlie\u00dfenden Beantwortung derselben. Die Angabe von weiteren Daten ist freiwillig.<\/p>\n\n\n\n<h2 class=\"wp-block-heading\">COOKIES<\/h2>\n\n\n\n<p>Wenn Sie einen Kommentar auf unserer Website schreiben, kann dies eine Einwilligung sein, Ihren Namen, Ihre E-Mail-Adresse und Ihre Website in Cookies zu speichern. Dies ist eine Komfortfunktion, so dass Sie beim Verfassen eines weiteren Kommentars nicht alle diese Daten erneut eingeben m\u00fcssen. Diese Cookies werden ein Jahr lang gespeichert.<\/p>\n\n\n\n<p>Wenn Sie ein Konto haben und sich auf dieser Website anmelden, setzen wir ein tempor\u00e4res Cookie, um festzustellen, ob Ihr Browser Cookies akzeptiert. Dieses Cookie enth\u00e4lt keine pers\u00f6nlich identifizierbaren Informationen und wird gel\u00f6scht, wenn Sie Ihren Browser schlie\u00dfen.<br>Wenn Sie sich anmelden, werden wir einige Cookies setzen, um Ihre Anmeldeinformationen und Anzeigeoptionen zu speichern.<\/p>\n\n\n\n<p>Cookies f\u00fcr die Anmeldung verfallen nach zwei Tagen, Cookies f\u00fcr die Anzeigeoptionen nach einem Jahr. Wenn Sie bei der Anmeldung \u00abEingeloggt bleiben\u00bb w\u00e4hlen, bleibt Ihr Login zwei Wochen lang erhalten. Wenn Sie sich von Ihrem Konto abmelden, werden die Login-Cookies gel\u00f6scht.<\/p>\n\n\n\n<p>Wenn Sie einen Artikel bearbeiten oder ver\u00f6ffentlichen, wird ein zus\u00e4tzliches Cookie in Ihrem Browser gespeichert. Dieses Cookie enth\u00e4lt keine pers\u00f6nlichen Daten und bezieht sich nur auf die Post-ID des Artikels, den Sie gerade bearbeitet haben. Das Cookie verf\u00e4llt nach einem Tag.<\/p>\n\n\n\n<h2 class=\"wp-block-heading\">VERWENDUNG VON SCHRIFTBIBLIOTHEKEN (GOOGLE WEB FONTS)<\/h2>\n\n\n\n<p>Um unsere Inhalte browser\u00fcbergreifend korrekt und grafisch ansprechend darzustellen, verwenden wir auf dieser Website zur Darstellung von Schriftarten \u00abGoogle Web Fonts\u00bb der Google LLC (1600 Amphitheatre Parkway, Mountain View, CA 94043, USA; im Folgenden \u00abGoogle\u00bb).<\/p>\n\n\n\n<p>Weitere Informationen \u00fcber die Datennutzung durch Google finden Sie in deren&nbsp;<a href=\"https:\/\/www.google.com\/policies\/privacy\/\" target=\"_blank\" rel=\"noreferrer noopener\">Datenschutzbestimmungen.<\/a><\/p>\n\n\n\n<h2 class=\"wp-block-heading\">EINGEBETTETE INHALTE VON ANDEREN WEBSITES<\/h2>\n\n\n\n<p>Beitr\u00e4ge auf dieser Website k\u00f6nnen eingebettete Inhalte (z. B. Videos, Bilder, Artikel usw.) enthalten. Eingebettete Inhalte von anderen Websites verhalten sich genauso, als ob der Besucher die andere Website besucht h\u00e4tte.<br>Diese Websites k\u00f6nnen Informationen \u00fcber Sie sammeln, Cookies verwenden, zus\u00e4tzliche Tracking-Dienste von Drittanbietern einbetten und Ihre Interaktion mit diesen eingebetteten Inhalten aufzeichnen, einschlie\u00dflich Ihrer Interaktion mit den eingebetteten Inhalten, wenn Sie ein Konto haben und auf dieser Website angemeldet sind.<\/p>\n\n\n\n<h2 class=\"wp-block-heading\">VERWENDUNG VON GOOGLE ANALYTICS<\/h2>\n\n\n\n<p>Diese Website benutzt Google Analytics, einen Webanalysedienst der Google LLC, 1600 Amphitheatre Parkway, Mountain View, CA 94043 USA (im Folgenden: \u00abGoogle\u00bb). Google Analytics verwendet sog. Cookies\u00bb, Textdateien, die auf Ihrem Computer gespeichert werden und die eine Analyse der Benutzung der Website durch Sie erm\u00f6glichen. Die durch den Cookie erzeugten Informationen \u00fcber Ihre Benutzung dieser Website werden in der Regel an einen Server von Google in den USA \u00fcbertragen und dort gespeichert. Aufgrund der Aktivierung der IP-Anonymisierung auf diesen Websites wird Ihre IP-Adresse von Google jedoch innerhalb von Mitgliedstaaten der Europ\u00e4ischen Union oder in anderen Vertragsstaaten des Abkommens \u00fcber den Europ\u00e4ischen Wirtschaftsraum zuvor gek\u00fcrzt. Nur in Ausnahmef\u00e4llen wird die volle IP-Adresse an einen Server von Google in den USA \u00fcbertragen und dort gek\u00fcrzt. Im Auftrag des Betreibers dieser Website wird Google diese Informationen benutzen, um Ihre Nutzung der Website auszuwerten, um Reports \u00fcber die Websiteaktivit\u00e4ten zusammenzustellen und um weitere mit der Websitenutzung und der Internetnutzung verbundene Dienstleistungen gegen\u00fcber dem Websitebetreiber zu erbringen. Die im Rahmen von Google Analytics von Ihrem Browser \u00fcbermittelte IP-Adresse wird nicht mit anderen Daten von Google zusammengef\u00fchrt.<\/p>\n\n\n\n<p>Zweck der Datenverarbeitung ist es, die Nutzung der Website auszuwerten und Reports \u00fcber die Aktivit\u00e4ten auf der Website zusammenzustellen. Auf der Grundlage der Nutzung der Website und des Internets werden dann weitere damit verbundene Dienstleistungen erbracht.<\/p>\n\n\n\n<h2 class=\"wp-block-heading\">DATENSCHUTZBESTIMMUNGEN F\u00dcR DIE NUTZUNG VON TWITTER<\/h2>\n\n\n\n<p>Auf unseren Seiten sind Funktionen des Dienstes Twitter eingebunden. Diese Funktionen werden von der Twitter Inc. angeboten, 795 Folsom St., Suite 600, San Francisco, CA 94107, USA. Durch die Nutzung von Twitter und der Funktion \u00abRe-Tweet\u00bb werden die von Ihnen besuchten Webseiten mit Ihrem Twitter-Account verkn\u00fcpft und anderen Nutzern bekannt gegeben. Dabei werden u.a. Daten wie IP-Adresse, Browsertyp, aufgerufene Domains, besuchte Seiten, Mobilfunkanbieter, Ger\u00e4te- und Anwendungs-IDs und Suchbegriffe an Twitter \u00fcbermittelt.<br>Wir weisen darauf hin, dass wir als Anbieter der Seiten keine Kenntnis vom Inhalt der \u00fcbermittelten Daten sowie deren Nutzung durch Twitter erhalten. Aufgrund der st\u00e4ndigen Aktualisierungen der Datenschutzbestimmungen von Twitter verweisen wir auf die aktuelle Version unter http:\/\/twitter.com\/privacy.<br>Sie k\u00f6nnen Ihre Datenschutzeinstellungen bei&nbsp;<a href=\"https:\/\/twitter.com\/account\/settings\" target=\"_blank\" rel=\"noreferrer noopener\">Twitter in den Kontoeinstellungen<\/a>&nbsp;\u00e4ndern. Wenn Sie Fragen haben, wenden Sie sich bitte an&nbsp;<a href=\"https:\/\/picture-academy.ch\/privacy-policy\/privacy@twitter.com\" target=\"_blank\" rel=\"noreferrer noopener\">privacy@twitter.com.<\/a><\/p>\n\n\n\n<h2 class=\"wp-block-heading\">DATENSCHUTZBESTIMMUNGEN F\u00dcR DIE NUTZUNG VON GOOGLE ADSENSE<\/h2>\n\n\n\n<p>Diese Website benutzt Google AdSense, einen Dienst zum Einbinden von Werbeanzeigen der Google Inc (\u00abGoogle\u00bb). Google AdSense verwendet sog. Cookies\u00bb, Textdateien, die auf Ihrem Computer gespeichert werden und die eine Analyse der Benutzung der Website durch Sie erm\u00f6glichen. Google AdSense verwendet auch sogenannte Web Beacons (unsichtbare Grafiken). Durch diese Web Beacons k\u00f6nnen Informationen wie der Besucherverkehr auf diesen Seiten analysiert werden.<\/p>\n\n\n\n<p>Die durch Cookies und Web Beacons erzeugten Informationen \u00fcber die Benutzung dieser Website (einschlie\u00dflich Ihrer IP-Adresse) und Auslieferung von Werbeformaten werden an einen Server von Google in den USA \u00fcbertragen und dort gespeichert. Diese Informationen k\u00f6nnen von Google an Vertragspartner von Google weitergegeben werden. Google wird Ihre IP-Adresse jedoch nicht mit anderen von Ihnen gespeicherten Daten zusammenf\u00fchren.<\/p>\n\n\n\n<p>Sie k\u00f6nnen die Installation der Cookies durch eine entsprechende Einstellung Ihrer Browser Software verhindern; wir weisen Sie jedoch darauf hin, dass Sie in diesem Fall gegebenenfalls nicht s\u00e4mtliche Funktionen dieser Website voll umf\u00e4nglich nutzen k\u00f6nnen. Durch die Nutzung dieser Website erkl\u00e4ren Sie sich mit der Bearbeitung der \u00fcber Sie erhobenen Daten durch Google in der zuvor beschriebenen Art und Weise und zu dem zuvor benannten Zweck einverstanden.<\/p>\n\n\n\n<h2 class=\"wp-block-heading\">DATENSCHUTZBESTIMMUNGEN F\u00dcR DIE NUTZUNG VON GOOGLE +1<\/h2>\n\n\n\n<p>Mit Hilfe der Google +1-Schaltfl\u00e4che k\u00f6nnen Sie Informationen weltweit ver\u00f6ffentlichen. \u00dcber die Google +1-Schaltfl\u00e4che erhalten Sie und andere Nutzer personalisierte Inhalte von Google und seinen Partnern. Google speichert sowohl die Information, dass Sie f\u00fcr einen Inhalt +1 gegeben haben, als auch Informationen \u00fcber die Seite, die Sie angesehen haben, als Sie auf +1 geklickt haben. Ihre +1 k\u00f6nnen als Hinweise zusammen mit Ihrem Profilnamen und Ihrem Foto in Google-Diensten, wie z. B. in Suchergebnissen oder Ihrem Google-Profil, oder an anderer Stelle auf Websites und Anzeigen im Internet angezeigt werden.<\/p>\n\n\n\n<p>Google zeichnet Informationen \u00fcber Ihre +1-Aktivit\u00e4ten auf, um die Google-Dienste f\u00fcr Sie und andere zu verbessern.<\/p>\n\n\n\n<p>Um die Google +1-Schaltfl\u00e4che verwenden zu k\u00f6nnen, ben\u00f6tigen Sie ein weltweit sichtbares, \u00f6ffentliches Google-Profil, das zumindest den f\u00fcr das Profil gew\u00e4hlten Namen enthalten muss. Dieser Name wird in allen Google-Diensten verwendet. In einigen F\u00e4llen kann dieser Name auch einen anderen Namen ersetzen, den Sie beim Teilen von Inhalten \u00fcber Ihr Google-Konto verwendet haben. Die Identit\u00e4t Ihres Google-Profils kann Nutzern angezeigt werden, die Ihre E-Mail-Adresse kennen oder \u00fcber andere identifizierende Informationen \u00fcber Sie verf\u00fcgen.<\/p>\n\n\n\n<p>Zus\u00e4tzlich zu den oben erl\u00e4uterten Verwendungszwecken werden die von Ihnen bereitgestellten Informationen in \u00dcbereinstimmung mit den geltenden&nbsp;<a href=\"https:\/\/www.google.com\/policies\/privacy\/\" target=\"_blank\" rel=\"noreferrer noopener\">Google-Datenschutzbestimmungen<\/a>&nbsp;verwendet. Google kann zusammengefasste Statistiken \u00fcber die +1-Aktivit\u00e4ten der Nutzer ver\u00f6ffentlichen oder diese Statistiken an unsere Nutzer und Partner weitergeben, z. B. an Publisher, Werbetreibende oder angeschlossene Websites.<\/p>\n\n\n\n<h2 class=\"wp-block-heading\">VERWENDUNG VON GOOGLE MAPS<\/h2>\n\n\n\n<p>Auf dieser Website nutzen wir das Angebot von Google Maps. Google Maps wird von Google LLC, 1600 Amphitheatre Parkway, Mountain View, CA 94043, USA (im Folgenden \u00abGoogle\u00bb) betrieben. Dies erm\u00f6glicht es uns, interaktive Karten direkt auf der Website darzustellen und Ihnen die komfortable Nutzung der Kartenfunktion zu erm\u00f6glichen.<\/p>\n\n\n\n<p>Weitere Informationen zur Datenverarbeitung durch Google finden Sie in den&nbsp;<a href=\"https:\/\/www.google.com\/policies\/privacy\/\" target=\"_blank\" rel=\"noreferrer noopener\">Google-Datenschutzbestimmungen.<\/a>&nbsp;Dort k\u00f6nnen Sie auch Ihre pers\u00f6nlichen Datenschutzeinstellungen im Datenschutzcenter \u00e4ndern.<\/p>\n\n\n\n<h2 class=\"wp-block-heading\">EINGEBETTETE YOUTUBE-VIDEOS<\/h2>\n\n\n\n<p>Wir betten auf einigen unserer Websites YouTube-Videos ein. Der Betreiber der entsprechenden Plugins ist die YouTube, LLC, 901 Cherry Ave, San Bruno, CA 94066, USA (nachfolgend \u00abYouTube\u00bb). Wenn Sie eine Seite mit dem YouTube-Plugin besuchen, wird eine Verbindung zu den Servern von YouTube hergestellt. Dabei wird YouTube mitgeteilt, welche Seiten Sie besuchen. Wenn Sie in Ihrem YouTube-Konto eingeloggt sind, kann YouTube Ihr Surfverhalten Ihnen pers\u00f6nlich zuordnen. Sie k\u00f6nnen dies verhindern, indem Sie sich vorher aus Ihrem YouTube-Konto ausloggen.<\/p>\n\n\n\n<p>Wenn ein YouTube-Video gestartet wird, setzt der Anbieter Cookies ein, die Informationen \u00fcber das Nutzerverhalten sammeln.<\/p>\n\n\n\n<h2 class=\"wp-block-heading\">WIE LANGE WIR DATEN SPEICHERN<\/h2>\n\n\n\n<p>Wenn Sie einen Kommentar abgeben, wird dieser auf unbestimmte Zeit gespeichert, einschlie\u00dflich der Metadaten. Auf diese Weise k\u00f6nnen wir Folgekommentare automatisch erkennen und genehmigen, anstatt sie in einer Moderationswarteschlange zu halten.<\/p>\n\n\n\n<p>Bei Nutzern, die sich auf unserer Website registrieren, speichern wir zus\u00e4tzlich die von ihnen angegebenen personenbezogenen Daten in ihren<br>Benutzerprofilen. Alle Nutzer k\u00f6nnen ihre pers\u00f6nlichen Daten jederzeit einsehen, \u00e4ndern oder l\u00f6schen (der Benutzername kann nicht ge\u00e4ndert werden). Auch die Administratoren der Website k\u00f6nnen diese Informationen einsehen und \u00e4ndern.<\/p>\n\n\n\n<h2 class=\"wp-block-heading\">WELCHE RECHTE SIE IN BEZUG AUF IHRE DATEN HABEN<\/h2>\n\n\n\n<p>Wenn Sie ein Konto auf dieser Website haben oder einen Kommentar abgegeben haben, k\u00f6nnen Sie von uns einen Export Ihrer personenbezogenen Daten verlangen, einschlie\u00dflich aller Daten, die Sie uns zur Verf\u00fcgung gestellt haben. Dar\u00fcber hinaus k\u00f6nnen Sie die L\u00f6schung aller personenbezogenen Daten verlangen, die wir \u00fcber Sie gespeichert haben. Davon ausgenommen sind Daten, die wir aus administrativen, rechtlichen oder sicherheitsrelevanten Gr\u00fcnden aufbewahren m\u00fcssen.<\/p>\n\n\n\n<h2 class=\"wp-block-heading\">WOHIN WIR IHRE DATEN SENDEN<\/h2>\n\n\n\n<p>Besucherkommentare k\u00f6nnen von einem automatischen Dienst zur Spam-Erkennung untersucht werden.<\/p>\n\n\n\n<h2 class=\"wp-block-heading\">KONTAKTINFORMATIONEN<\/h2>\n\n\n\n<p>F\u00fcr datenschutzrelevante Anliegen wenden Sie sich bitte \u00fcber das <a href=\"https:\/\/timeberhard.com\/index.php\/contact\/\">Kontaktformular<\/a> an die verantwortliche Stelle.<\/p>\n\n\n\n<h2 class=\"wp-block-heading\">SOZIALE PLUGINS<\/h2>\n\n\n\n<p>Auf unseren Websites werden Social-Media-Plugins eingesetzt. \u00dcber diese Plugins k\u00f6nnen Informationen, die auch personenbezogene Daten enthalten k\u00f6nnen, an den Dienstanbieter gesendet und von diesem genutzt werden. Die unbewusste und ungewollte Erhebung und \u00dcbermittlung von Daten an den Dienstanbieter verhindern wir durch eine 2-Klick-L\u00f6sung. Um ein gew\u00fcnschtes Social Plugin zu aktivieren, muss es zun\u00e4chst durch Anklicken des entsprechenden Buttons aktiviert werden. Erst diese Aktivierung des Plugins l\u00f6st auch die Erhebung von Informationen und deren \u00dcbermittlung an den Dienstanbieter aus. Wir erheben selbst keine personenbezogenen Daten durch die Social Plugins oder \u00fcber deren Nutzung.<\/p>\n\n\n\n<p>Wir haben keinen Einfluss darauf, welche Daten ein aktiviertes Plugin erhebt und wie diese durch den Anbieter verwendet werden. Derzeit muss davon ausgegangen werden, dass eine direkte Verbindung zu den Diensten der Anbieter hergestellt wird und zumindest die IP-Adresse und ger\u00e4tebezogene Informationen erhoben und verwendet werden. Es besteht auch die M\u00f6glichkeit, dass die Diensteanbieter versuchen, Cookies auf dem verwendeten Rechner zu speichern. Welche Daten im Einzelnen erhoben und wie sie genutzt werden, entnehmen Sie bitte den Datenschutzhinweisen des jeweiligen Dienstanbieters. Wenn Sie gleichzeitig bei Facebook eingeloggt sind, kann Facebook Sie als Besucher einer bestimmten Seite identifizieren.<\/p>\n\n\n\n<h2 class=\"wp-block-heading\">GOOGLE ADWORDS<\/h2>\n\n\n\n<p>Auf unseren Websites werden Social-Media-Plugins verwendet. \u00dcber diese Plugins k\u00f6nnen Informationen, die auch personenbezogene Daten enthalten k\u00f6nnen, an den Dienstanbieter gesendet und von diesem genutzt werden. Die unbewusste und ungewollte Erhebung und \u00dcbermittlung von Daten an den Dienstanbieter verhindern wir durch eine 2-Klick-L\u00f6sung. Um ein gew\u00fcnschtes Social Plugin zu aktivieren, muss es zun\u00e4chst durch Anklicken des entsprechenden Buttons aktiviert werden. Erst diese Aktivierung des Plugins l\u00f6st auch die Erhebung von Informationen und deren \u00dcbermittlung an den Dienstanbieter aus. Wir erheben selbst keine personenbezogenen Daten durch die Social Plugins oder \u00fcber deren Nutzung.<\/p>\n\n\n\n<p>Wir haben keinen Einfluss darauf, welche Daten ein aktiviertes Plugin erhebt und wie diese durch den Anbieter verwendet werden. Derzeit muss davon ausgegangen werden, dass eine direkte Verbindung zu den Diensten der Anbieter hergestellt wird und zumindest die IP-Adresse und ger\u00e4tebezogene Informationen erhoben und verwendet werden. Es besteht auch die M\u00f6glichkeit, dass die Diensteanbieter versuchen, Cookies auf dem verwendeten Rechner zu speichern. Welche Daten im Einzelnen erhoben und wie sie genutzt werden, entnehmen Sie bitte den Datenschutzhinweisen des jeweiligen Dienstanbieters. Wenn Sie gleichzeitig bei Facebook eingeloggt sind, kann Facebook Sie als Besucher einer bestimmten Seite identifizieren.<\/p>\n\n\n\n<h2 class=\"wp-block-heading\">WIE WIR IHRE DATEN SCH\u00dcTZEN<\/h2>\n\n\n\n<h3 class=\"wp-block-heading\">SSL-VERSCHL\u00dcSSELUNG<\/h3>\n\n\n\n<p>Um die Sicherheit Ihrer Daten bei der \u00dcbertragung zu sch\u00fctzen, verwenden wir modernste Verschl\u00fcsselungsmethoden (z.B. SSL) \u00fcber HTTPS.<\/p>\n\n\n\n<h2 class=\"wp-block-heading\">\u00c4NDERUNGEN<\/h2>\n\n\n\n<p>Wir k\u00f6nnen diese Datenschutzerkl\u00e4rung jederzeit und ohne vorherige Ank\u00fcndigung \u00e4ndern. Es gilt die jeweils aktuelle Version, die auf unserer Website ver\u00f6ffentlicht ist.<\/p>\n\n\n\n<h2 class=\"wp-block-heading\">FRAGEN AN DEN DATENSCHUTZBEAUFTRAGTEN<\/h2>\n\n\n\n<p>Wenn Sie Fragen zum Datenschutz haben, schreiben Sie uns bitte eine E-Mail oder wenden Sie sich direkt an die am Anfang der Datenschutzerkl\u00e4rung genannte verantwortliche Person in unserer Organisation f\u00fcr den Datenschutz. Forch, 25. Januar 2024.<\/p>\n\n\n\n<div style=\"height:100px\" aria-hidden=\"true\" class=\"wp-block-spacer\"><\/div>\n","protected":false},"excerpt":{"rendered":"<p>WER bin ich? Die Website timeberhard.com und deren Inhalte wurden von Tim Eberhard erstellt. Verantwortliche Stelle im Sinne der Datenschutzgesetze, insbesondere der EU-Datenschutzgrundverordnung (DSGVO), ist: Tim EberhardAeschstrasse 2B8127 Forch WELCHE PERS\u00d6NLICHEN DATEN geSAMMELt werden UND WARUM Wenn Sie auf diese Website zugreifen, werden automatisch Informationen allgemeiner Natur erfasst. Diese Informationen werden im Server-Logfile gesammelt und&hellip;&nbsp;<a href=\"https:\/\/timeberhard.com\/index.php\/datenschutzerklaerung\/\" rel=\"bookmark\">Weiterlesen &raquo;<span class=\"screen-reader-text\">Datenschutzerkl\u00e4rung<\/span><\/a><\/p>\n","protected":false},"author":1,"featured_media":0,"parent":0,"menu_order":0,"comment_status":"closed","ping_status":"closed","template":"","meta":{"neve_meta_sidebar":"","neve_meta_container":"","neve_meta_enable_content_width":"","neve_meta_content_width":0,"neve_meta_title_alignment":"","neve_meta_author_avatar":"","neve_post_elements_order":"","neve_meta_disable_header":"","neve_meta_disable_footer":"","neve_meta_disable_title":"","_vp_format_video_url":"","_vp_image_focal_point":[],"footnotes":""},"class_list":["post-921","page","type-page","status-publish","hentry"],"_links":{"self":[{"href":"https:\/\/timeberhard.com\/index.php\/wp-json\/wp\/v2\/pages\/921","targetHints":{"allow":["GET"]}}],"collection":[{"href":"https:\/\/timeberhard.com\/index.php\/wp-json\/wp\/v2\/pages"}],"about":[{"href":"https:\/\/timeberhard.com\/index.php\/wp-json\/wp\/v2\/types\/page"}],"author":[{"embeddable":true,"href":"https:\/\/timeberhard.com\/index.php\/wp-json\/wp\/v2\/users\/1"}],"replies":[{"embeddable":true,"href":"https:\/\/timeberhard.com\/index.php\/wp-json\/wp\/v2\/comments?post=921"}],"version-history":[{"count":2,"href":"https:\/\/timeberhard.com\/index.php\/wp-json\/wp\/v2\/pages\/921\/revisions"}],"predecessor-version":[{"id":961,"href":"https:\/\/timeberhard.com\/index.php\/wp-json\/wp\/v2\/pages\/921\/revisions\/961"}],"wp:attachment":[{"href":"https:\/\/timeberhard.com\/index.php\/wp-json\/wp\/v2\/media?parent=921"}],"curies":[{"name":"wp","href":"https:\/\/api.w.org\/{rel}","templated":true}]}}